{"id":351,"date":"2022-11-06T14:24:01","date_gmt":"2022-11-06T13:24:01","guid":{"rendered":"https:\/\/marcsfahr.schule\/?page_id=351"},"modified":"2026-01-07T10:30:44","modified_gmt":"2026-01-07T09:30:44","slug":"impressumaxels-fahrschulereuenberg-83-45357-essentel-4900201-319-43-71fax-490201-319-43-72e-mail-infomaxelsfahrschule-de","status":"publish","type":"page","link":"https:\/\/marcsfahr.schule\/?page_id=351","title":{"rendered":"Impressum"},"content":{"rendered":"\n<p class=\"wp-block-paragraph\"><br><strong><em><mark class=\"has-inline-color\" style=\"background-color: rgba(0, 0, 0, 0); color: #ff6900;\">Marc`s Fahrschule <\/mark><\/em><\/strong><\/p>\n\n\n\n<p class=\"wp-block-paragraph\">Inh. Marc Scheuten\u00a0<br>Reuenberg 83, 45357 Essen<br>Tel: +49(0)0201 319 43 71<br>Fax: +49(0)201 319 43 72<br>E-Mail:\u00a0<a>info<\/a>@marcsfahr.schule<\/p>\n\n\n\n<p class=\"wp-block-paragraph\">Unsatzsteueridentifikationsnummer:<br>DE 354931668 (gem. \u00a7 27a Umsatzsteuergesetz)<br>Inhaltlich verantwortlich gem. \u00a7 10 MdStV<br>und \u00a7 6 TDG sowie Verantwortlicher<br>im Sinne des Presserechts: Marc Scheuten<\/p>\n\n\n\n<p class=\"wp-block-paragraph\">Allgemeine Nutzungsbedingungen:<br>Zugang zu und Nutzung dieser Website unterliegen den folgenden Bestimmungen. Falls Sie mit diesen nicht einverstanden sind, benutzen Sie diese Website bitte nicht.<\/p>\n\n\n\n<p class=\"wp-block-paragraph\">Haftungsbeschr\u00e4nkung:<br>Die Marc`s Fahrschule, Essen, bietet auf dieser Seite nach bestem Wissen nur richtige und aktuelle Informationen an. Sie \u00fcbernimmt jedoch keinerlei Verantwortung oder Gew\u00e4hrleistung, weder ausdr\u00fccklich noch stillschweigend, f\u00fcr die Vollst\u00e4ndigkeit oder Richtigkeit der Informationen auf dieser Website. Insbesondere sollten Sie sich dar\u00fcber bewusst sein, dass diese Informationen nicht mehr aktuell sein k\u00f6nnen. Aus diesem Grunde sollten Sie Informationen, die Sie auf dieser Website erhalten, \u00fcberpr\u00fcfen, bevor Sie diese, in welcher Art auch immer, verwenden. Die Nutzer dieser Website erkl\u00e4ren sich damit einverstanden, auf diese Website und deren Inhalte auf eigenes Risiko zuzugreifen. Weder Axelsfahrschule noch Dritte, die in die Erstellung, Produktion oder \u00fcbermittlung dieser Website involviert sind, sind haftbar f\u00fcr Sch\u00e4den oder Verletzungen, die sich aus dem Zugang oder der Unm\u00f6glichkeit des Zugangs, der Nutzung oder Unm\u00f6glichkeit der Nutzung dieser Website oder aus dem Umstand, dass Sie sich auf eine Information, die auf dieser Website enthalten ist, verlassen, entstehen.<\/p>\n\n\n\n<p class=\"wp-block-paragraph\">Websites Dritter Anbieter\/Links<br>Diese Website enth\u00e4lt auch Links oder Verweise auf Websites Dritter. Diese Links zu den Websites Dritter stellen keine Zustimmung zu deren Inhalten seitens Axelsfahrschule dar. Axelsfahrschule \u00fcbernimmt keine Verantwortung f\u00fcr die Verf\u00fcgbarkeit oder den Inhalt solcher Websites und keine Haftung f\u00fcr Sch\u00e4den oder Verletzungen, die aus der Nutzung, gleich welcher Art, solcher Inhalte entstehen. Links zu anderen Websites werden den Nutzern dieser Website lediglich als Annehmlichkeit zur Verf\u00fcgung gestellt. Das Herstellen einer Verbindung zu diesen Web- sites geschieht auf eigene Gefahr des Benutzers.<\/p>\n\n\n\n<p class=\"wp-block-paragraph\">Anwendbares Recht:<br>Etwaige Streitigkeiten aufgrund dieser Web-Seite, sofern sie gegen die Axels Fahrschule gerichtet sind, unterliegen dem deutschen Recht mit dem Gerichtsstand Essen.<\/p>\n","protected":false},"excerpt":{"rendered":"<p>Marc`s Fahrschule Inh. Marc Scheuten\u00a0Reuenberg 83, 45357 EssenTel: +49(0)0201 319 43 71Fax: +49(0)201 319 43 72E-Mail:\u00a0info@marcsfahr.schule Unsatzsteueridentifikationsnummer:DE 354931668 (gem. \u00a7 27a Umsatzsteuergesetz)Inhaltlich verantwortlich gem. \u00a7 10 MdStVund \u00a7 6 TDG sowie Verantwortlicherim Sinne des Presserechts: Marc Scheuten Allgemeine Nutzungsbedingungen:Zugang zu und Nutzung dieser Website unterliegen den folgenden Bestimmungen. Falls Sie mit diesen nicht einverstanden sind, [&hellip;]<\/p>\n","protected":false},"author":227529037,"featured_media":0,"parent":0,"menu_order":0,"comment_status":"closed","ping_status":"closed","template":"","meta":{"_crdt_document":"","footnotes":""},"class_list":["post-351","page","type-page","status-publish","hentry"],"yoast_head":"<!-- This site is optimized with the Yoast SEO plugin v27.4 - https:\/\/yoast.com\/product\/yoast-seo-wordpress\/ -->\n<title>Impressum - Marc`s Fahrschule<\/title>\n<meta name=\"robots\" content=\"noindex, follow\" \/>\n<meta property=\"og:locale\" content=\"de_DE\" \/>\n<meta property=\"og:type\" content=\"article\" \/>\n<meta property=\"og:title\" content=\"Impressum - Marc`s Fahrschule\" \/>\n<meta property=\"og:description\" content=\"Marc`s Fahrschule Inh. Marc Scheuten\u00a0Reuenberg 83, 45357 EssenTel: +49(0)0201 319 43 71Fax: +49(0)201 319 43 72E-Mail:\u00a0info@marcsfahr.schule Unsatzsteueridentifikationsnummer:DE 354931668 (gem. \u00a7 27a Umsatzsteuergesetz)Inhaltlich verantwortlich gem. \u00a7 10 MdStVund \u00a7 6 TDG sowie Verantwortlicherim Sinne des Presserechts: Marc Scheuten Allgemeine Nutzungsbedingungen:Zugang zu und Nutzung dieser Website unterliegen den folgenden Bestimmungen. Falls Sie mit diesen nicht einverstanden sind, [&hellip;]\" \/>\n<meta property=\"og:url\" content=\"https:\/\/marcsfahr.schule\/?page_id=351\" \/>\n<meta property=\"og:site_name\" content=\"Marc`s Fahrschule\" \/>\n<meta property=\"article:modified_time\" content=\"2026-01-07T09:30:44+00:00\" \/>\n<meta name=\"twitter:card\" content=\"summary_large_image\" \/>\n<meta name=\"twitter:label1\" content=\"Gesch\u00e4tzte Lesezeit\" \/>\n\t<meta name=\"twitter:data1\" content=\"2\u00a0Minuten\" \/>\n<script type=\"application\/ld+json\" class=\"yoast-schema-graph\">{\"@context\":\"https:\\\/\\\/schema.org\",\"@graph\":[{\"@type\":\"WebPage\",\"@id\":\"https:\\\/\\\/marcsfahr.schule\\\/?page_id=351\",\"url\":\"https:\\\/\\\/marcsfahr.schule\\\/?page_id=351\",\"name\":\"Impressum - Marc`s Fahrschule\",\"isPartOf\":{\"@id\":\"https:\\\/\\\/marcsfahr.schule\\\/#website\"},\"datePublished\":\"2022-11-06T13:24:01+00:00\",\"dateModified\":\"2026-01-07T09:30:44+00:00\",\"breadcrumb\":{\"@id\":\"https:\\\/\\\/marcsfahr.schule\\\/?page_id=351#breadcrumb\"},\"inLanguage\":\"de\",\"potentialAction\":[{\"@type\":\"ReadAction\",\"target\":[\"https:\\\/\\\/marcsfahr.schule\\\/?page_id=351\"]}]},{\"@type\":\"BreadcrumbList\",\"@id\":\"https:\\\/\\\/marcsfahr.schule\\\/?page_id=351#breadcrumb\",\"itemListElement\":[{\"@type\":\"ListItem\",\"position\":1,\"name\":\"Home\",\"item\":\"https:\\\/\\\/marcsfahr.schule\\\/\"},{\"@type\":\"ListItem\",\"position\":2,\"name\":\"Impressum\"}]},{\"@type\":\"WebSite\",\"@id\":\"https:\\\/\\\/marcsfahr.schule\\\/#website\",\"url\":\"https:\\\/\\\/marcsfahr.schule\\\/\",\"name\":\"Marc`s Fahrschule\",\"description\":\"Aufbauseminar Termine und Infos\",\"publisher\":{\"@id\":\"https:\\\/\\\/marcsfahr.schule\\\/#\\\/schema\\\/person\\\/27925612458af1bfb58ce25d5f865844\"},\"alternateName\":\"Marc`s Fahrschule Essen\",\"potentialAction\":[{\"@type\":\"SearchAction\",\"target\":{\"@type\":\"EntryPoint\",\"urlTemplate\":\"https:\\\/\\\/marcsfahr.schule\\\/?s={search_term_string}\"},\"query-input\":{\"@type\":\"PropertyValueSpecification\",\"valueRequired\":true,\"valueName\":\"search_term_string\"}}],\"inLanguage\":\"de\"},{\"@type\":[\"Person\",\"Organization\"],\"@id\":\"https:\\\/\\\/marcsfahr.schule\\\/#\\\/schema\\\/person\\\/27925612458af1bfb58ce25d5f865844\",\"name\":\"Marc's Fahrschule\",\"image\":{\"@type\":\"ImageObject\",\"inLanguage\":\"de\",\"@id\":\"https:\\\/\\\/marcsfahr.schule\\\/wp-content\\\/uploads\\\/2025\\\/12\\\/Picsart_25-04-19_18-37-09-408-1-1024x1024.png\",\"url\":\"https:\\\/\\\/marcsfahr.schule\\\/wp-content\\\/uploads\\\/2025\\\/12\\\/Picsart_25-04-19_18-37-09-408-1-1024x1024.png\",\"contentUrl\":\"https:\\\/\\\/marcsfahr.schule\\\/wp-content\\\/uploads\\\/2025\\\/12\\\/Picsart_25-04-19_18-37-09-408-1-1024x1024.png\",\"width\":1024,\"height\":1024,\"caption\":\"Marc's Fahrschule\"},\"logo\":{\"@id\":\"https:\\\/\\\/marcsfahr.schule\\\/wp-content\\\/uploads\\\/2025\\\/12\\\/Picsart_25-04-19_18-37-09-408-1-1024x1024.png\"},\"sameAs\":[\"http:\\\/\\\/axelsfahrschule.com\"]}]}<\/script>\n<!-- \/ Yoast SEO plugin. -->","yoast_head_json":{"title":"Impressum - Marc`s Fahrschule","robots":{"index":"noindex","follow":"follow"},"og_locale":"de_DE","og_type":"article","og_title":"Impressum - Marc`s Fahrschule","og_description":"Marc`s Fahrschule Inh. Marc Scheuten\u00a0Reuenberg 83, 45357 EssenTel: +49(0)0201 319 43 71Fax: +49(0)201 319 43 72E-Mail:\u00a0info@marcsfahr.schule Unsatzsteueridentifikationsnummer:DE 354931668 (gem. \u00a7 27a Umsatzsteuergesetz)Inhaltlich verantwortlich gem. \u00a7 10 MdStVund \u00a7 6 TDG sowie Verantwortlicherim Sinne des Presserechts: Marc Scheuten Allgemeine Nutzungsbedingungen:Zugang zu und Nutzung dieser Website unterliegen den folgenden Bestimmungen. Falls Sie mit diesen nicht einverstanden sind, [&hellip;]","og_url":"https:\/\/marcsfahr.schule\/?page_id=351","og_site_name":"Marc`s Fahrschule","article_modified_time":"2026-01-07T09:30:44+00:00","twitter_card":"summary_large_image","twitter_misc":{"Gesch\u00e4tzte Lesezeit":"2\u00a0Minuten"},"schema":{"@context":"https:\/\/schema.org","@graph":[{"@type":"WebPage","@id":"https:\/\/marcsfahr.schule\/?page_id=351","url":"https:\/\/marcsfahr.schule\/?page_id=351","name":"Impressum - Marc`s Fahrschule","isPartOf":{"@id":"https:\/\/marcsfahr.schule\/#website"},"datePublished":"2022-11-06T13:24:01+00:00","dateModified":"2026-01-07T09:30:44+00:00","breadcrumb":{"@id":"https:\/\/marcsfahr.schule\/?page_id=351#breadcrumb"},"inLanguage":"de","potentialAction":[{"@type":"ReadAction","target":["https:\/\/marcsfahr.schule\/?page_id=351"]}]},{"@type":"BreadcrumbList","@id":"https:\/\/marcsfahr.schule\/?page_id=351#breadcrumb","itemListElement":[{"@type":"ListItem","position":1,"name":"Home","item":"https:\/\/marcsfahr.schule\/"},{"@type":"ListItem","position":2,"name":"Impressum"}]},{"@type":"WebSite","@id":"https:\/\/marcsfahr.schule\/#website","url":"https:\/\/marcsfahr.schule\/","name":"Marc`s Fahrschule","description":"Aufbauseminar Termine und Infos","publisher":{"@id":"https:\/\/marcsfahr.schule\/#\/schema\/person\/27925612458af1bfb58ce25d5f865844"},"alternateName":"Marc`s Fahrschule Essen","potentialAction":[{"@type":"SearchAction","target":{"@type":"EntryPoint","urlTemplate":"https:\/\/marcsfahr.schule\/?s={search_term_string}"},"query-input":{"@type":"PropertyValueSpecification","valueRequired":true,"valueName":"search_term_string"}}],"inLanguage":"de"},{"@type":["Person","Organization"],"@id":"https:\/\/marcsfahr.schule\/#\/schema\/person\/27925612458af1bfb58ce25d5f865844","name":"Marc's Fahrschule","image":{"@type":"ImageObject","inLanguage":"de","@id":"https:\/\/marcsfahr.schule\/wp-content\/uploads\/2025\/12\/Picsart_25-04-19_18-37-09-408-1-1024x1024.png","url":"https:\/\/marcsfahr.schule\/wp-content\/uploads\/2025\/12\/Picsart_25-04-19_18-37-09-408-1-1024x1024.png","contentUrl":"https:\/\/marcsfahr.schule\/wp-content\/uploads\/2025\/12\/Picsart_25-04-19_18-37-09-408-1-1024x1024.png","width":1024,"height":1024,"caption":"Marc's Fahrschule"},"logo":{"@id":"https:\/\/marcsfahr.schule\/wp-content\/uploads\/2025\/12\/Picsart_25-04-19_18-37-09-408-1-1024x1024.png"},"sameAs":["http:\/\/axelsfahrschule.com"]}]}},"jetpack_likes_enabled":true,"jetpack_sharing_enabled":true,"jetpack_shortlink":"https:\/\/wp.me\/PekWmX-5F","jetpack-related-posts":[{"id":833,"url":"https:\/\/marcsfahr.schule\/?page_id=833","url_meta":{"origin":351,"position":0},"title":"Besuche uns Marc`s Fahrschule Reuenberg\u2026","author":"Marc's Fahrschule","date":"6. Januar 2026","format":false,"excerpt":"Besuche uns Marc`s Fahrschule Reuenberg 83 45357 Essen \u00d6ffnungszeiten Montag 10:00-13:00 Uhr und 15:30-19:00 Uhr Dienstag 15:30-19:00 Uhr Mittwoch 10:00-13:00 Uhr und 15:30-19:00 Uhr Donnerstag 15:30-19:00 Uhr Freitag 10:00-13:00 Uhr und 15:30-19:00 Uhr Telefon 0201\/3194371 Reuenberg 83, Essen, Deutschland","rel":"","context":"\u00c4hnlicher Beitrag","block_context":{"text":"\u00c4hnlicher Beitrag","link":""},"img":{"alt_text":"","src":"","width":0,"height":0},"classes":[]},{"id":861,"url":"https:\/\/marcsfahr.schule\/?page_id=861","url_meta":{"origin":351,"position":1},"title":"Wir stehen mit Kompetenz, Fachwissen\u2026","author":"Marc's Fahrschule","date":"6. Januar 2026","format":false,"excerpt":"Wir stehen mit Kompetenz, Fachwissen und guter Laune vom Anfang bis zum Ende an Eurer Seite.... Marc Fahrlehrer A\/B\/BE ASF\/FES Seminarleiter Ausbildungsfahrlehrer Nadja Organisation Die starke Frau hinter dem Chef Ina B\u00fcro \/ Verwaltung \/ Betreuung \/ Beratung Dany B\u00fcro \/ Verwaltung \/ Betreuung \/ Beratung Detlef Fahrlehrer B\/BE J\u00f6rg\u2026","rel":"","context":"\u00c4hnlicher Beitrag","block_context":{"text":"\u00c4hnlicher Beitrag","link":""},"img":{"alt_text":"","src":"https:\/\/i0.wp.com\/marcsfahr.schule\/wp-content\/uploads\/2026\/01\/file_0000000031ec722fbc62350ce4fd0d5c-1.png?resize=350%2C200&ssl=1","width":350,"height":200,"srcset":"https:\/\/i0.wp.com\/marcsfahr.schule\/wp-content\/uploads\/2026\/01\/file_0000000031ec722fbc62350ce4fd0d5c-1.png?resize=350%2C200&ssl=1 1x, https:\/\/i0.wp.com\/marcsfahr.schule\/wp-content\/uploads\/2026\/01\/file_0000000031ec722fbc62350ce4fd0d5c-1.png?resize=525%2C300&ssl=1 1.5x, https:\/\/i0.wp.com\/marcsfahr.schule\/wp-content\/uploads\/2026\/01\/file_0000000031ec722fbc62350ce4fd0d5c-1.png?resize=700%2C400&ssl=1 2x"},"classes":[]},{"id":997,"url":"https:\/\/marcsfahr.schule\/?page_id=997","url_meta":{"origin":351,"position":2},"title":"Aufbauseminar","author":"Marc's Fahrschule","date":"16. Januar 2026","format":false,"excerpt":"\u00a0 Das n\u00e4chste Aufbauseminar startet am: Freitag 22.05.2026 um 19:00 Uhr Anmeldung bis sp\u00e4testens Freitag 15.05.2026 f\u00fcr 319 Euro \u00a0 \u00a0 Wie l\u00e4uft das Seminar ab ??? Theorie: 4 Sitzungen a 135 Minuten Praxis: Beobachtungsfahrt a 30 Minuten Ein Seminar muss mindestens 6 bis maximal 12 Teilnehmer aufweisen. Es muss\u2026","rel":"","context":"\u00c4hnlicher Beitrag","block_context":{"text":"\u00c4hnlicher Beitrag","link":""},"img":{"alt_text":"","src":"","width":0,"height":0},"classes":[]},{"id":47,"url":"https:\/\/marcsfahr.schule\/?page_id=47","url_meta":{"origin":351,"position":3},"title":"Datenschutz","author":"Marc's Fahrschule","date":"1. November 2022","format":false,"excerpt":"DATENSCHUTZERKL\u00c4RUNG Anbieter und verantwortliche Stelle im Sinne des Datenschutzgesetzes Marc's Fahrschule Reuenberg 83 45357 Essen Die nachfolgende Datenschutzerkl\u00e4rung gilt f\u00fcr die Nutzung unserer Internetseite: www.marcsfahr.schule Geltungsbereich\u00a0Nutzer erhalten mit dieser Datenschutzerkl\u00e4rung Information \u00fcber die Art, den Umfang und Zweck der Erhebung und Verwendung ihrer Daten durch dieverantwortlichen Anbieter erhoben und verwendet\u2026","rel":"","context":"\u00c4hnlicher Beitrag","block_context":{"text":"\u00c4hnlicher Beitrag","link":""},"img":{"alt_text":"","src":"","width":0,"height":0},"classes":[]},{"id":897,"url":"https:\/\/marcsfahr.schule\/?page_id=897","url_meta":{"origin":351,"position":4},"title":"2 X VW Taigo Schalter\u2026","author":"Marc's Fahrschule","date":"6. Januar 2026","format":false,"excerpt":"2 X VW Taigo Schalter 1 X VW Taigo R-Line Automatik 1 X VW Golf Sportsvan Schalter 1 X VW T-Roc Schalter 1 X Opel Granland Automatik 1 X Yamaha MT07 - Klasse A (offen) 1 X Yamaha MT07 - Klasse A2 (gedrosselt) 1 X Honda CB 125 R -\u2026","rel":"","context":"\u00c4hnlicher Beitrag","block_context":{"text":"\u00c4hnlicher Beitrag","link":""},"img":{"alt_text":"","src":"https:\/\/i0.wp.com\/marcsfahr.schule\/wp-content\/uploads\/2026\/01\/Picsart_26-01-06_17-30-53-849.jpg?resize=350%2C200&ssl=1","width":350,"height":200,"srcset":"https:\/\/i0.wp.com\/marcsfahr.schule\/wp-content\/uploads\/2026\/01\/Picsart_26-01-06_17-30-53-849.jpg?resize=350%2C200&ssl=1 1x, https:\/\/i0.wp.com\/marcsfahr.schule\/wp-content\/uploads\/2026\/01\/Picsart_26-01-06_17-30-53-849.jpg?resize=525%2C300&ssl=1 1.5x, https:\/\/i0.wp.com\/marcsfahr.schule\/wp-content\/uploads\/2026\/01\/Picsart_26-01-06_17-30-53-849.jpg?resize=700%2C400&ssl=1 2x"},"classes":[]}],"_links":{"self":[{"href":"https:\/\/marcsfahr.schule\/index.php?rest_route=\/wp\/v2\/pages\/351","targetHints":{"allow":["GET"]}}],"collection":[{"href":"https:\/\/marcsfahr.schule\/index.php?rest_route=\/wp\/v2\/pages"}],"about":[{"href":"https:\/\/marcsfahr.schule\/index.php?rest_route=\/wp\/v2\/types\/page"}],"author":[{"embeddable":true,"href":"https:\/\/marcsfahr.schule\/index.php?rest_route=\/wp\/v2\/users\/227529037"}],"replies":[{"embeddable":true,"href":"https:\/\/marcsfahr.schule\/index.php?rest_route=%2Fwp%2Fv2%2Fcomments&post=351"}],"version-history":[{"count":8,"href":"https:\/\/marcsfahr.schule\/index.php?rest_route=\/wp\/v2\/pages\/351\/revisions"}],"predecessor-version":[{"id":832,"href":"https:\/\/marcsfahr.schule\/index.php?rest_route=\/wp\/v2\/pages\/351\/revisions\/832"}],"wp:attachment":[{"href":"https:\/\/marcsfahr.schule\/index.php?rest_route=%2Fwp%2Fv2%2Fmedia&parent=351"}],"curies":[{"name":"wp","href":"https:\/\/api.w.org\/{rel}","templated":true}]}}